{"id":10,"date":"2020-12-26T21:03:41","date_gmt":"2020-12-26T21:03:41","guid":{"rendered":"http:\/\/www.intead.com.uy\/?page_id=10"},"modified":"2021-09-06T23:49:02","modified_gmt":"2021-09-07T02:49:02","slug":"intervencion","status":"publish","type":"page","link":"https:\/\/www.intead.com.uy\/index.php\/intervencion\/","title":{"rendered":"Programas de Intervenci\u00f3n"},"content":{"rendered":"\t\t<div data-elementor-type=\"wp-page\" data-elementor-id=\"10\" class=\"elementor elementor-10\">\n\t\t\t\t\t\t<section class=\"elementor-section elementor-top-section elementor-element elementor-element-5d3b604 elementor-section-boxed elementor-section-height-default elementor-section-height-default\" data-id=\"5d3b604\" data-element_type=\"section\">\n\t\t\t\t\t\t<div class=\"elementor-container elementor-column-gap-default\">\n\t\t\t\t\t<div class=\"elementor-column elementor-col-100 elementor-top-column elementor-element elementor-element-d084dd3\" data-id=\"d084dd3\" data-element_type=\"column\">\n\t\t\t<div class=\"elementor-widget-wrap elementor-element-populated\">\n\t\t\t\t\t\t<div class=\"elementor-element elementor-element-5f3d358 elementor-widget elementor-widget-image\" data-id=\"5f3d358\" data-element_type=\"widget\" data-widget_type=\"image.default\">\n\t\t\t\t<div class=\"elementor-widget-container\">\n\t\t\t\t\t\t\t\t\t\t\t\t\t\t\t<img fetchpriority=\"high\" decoding=\"async\" width=\"640\" height=\"195\" src=\"https:\/\/www.intead.com.uy\/wp-content\/uploads\/2021\/09\/Intead-Cartel-Horizontal-1-1024x312.png\" class=\"attachment-large size-large wp-image-917\" alt=\"\" srcset=\"https:\/\/www.intead.com.uy\/wp-content\/uploads\/2021\/09\/Intead-Cartel-Horizontal-1-1024x312.png 1024w, https:\/\/www.intead.com.uy\/wp-content\/uploads\/2021\/09\/Intead-Cartel-Horizontal-1-300x92.png 300w, https:\/\/www.intead.com.uy\/wp-content\/uploads\/2021\/09\/Intead-Cartel-Horizontal-1-768x234.png 768w, https:\/\/www.intead.com.uy\/wp-content\/uploads\/2021\/09\/Intead-Cartel-Horizontal-1-1536x468.png 1536w, https:\/\/www.intead.com.uy\/wp-content\/uploads\/2021\/09\/Intead-Cartel-Horizontal-1-2048x625.png 2048w\" sizes=\"(max-width: 640px) 100vw, 640px\" \/>\t\t\t\t\t\t\t\t\t\t\t\t\t\t\t<\/div>\n\t\t\t\t<\/div>\n\t\t\t\t<div class=\"elementor-element elementor-element-3c022bd elementor-arrows-position-inside elementor-pagination-position-outside elementor-widget elementor-widget-image-carousel\" data-id=\"3c022bd\" data-element_type=\"widget\" data-settings=\"{&quot;navigation&quot;:&quot;both&quot;,&quot;autoplay&quot;:&quot;yes&quot;,&quot;pause_on_hover&quot;:&quot;yes&quot;,&quot;pause_on_interaction&quot;:&quot;yes&quot;,&quot;autoplay_speed&quot;:5000,&quot;infinite&quot;:&quot;yes&quot;,&quot;speed&quot;:500}\" data-widget_type=\"image-carousel.default\">\n\t\t\t\t<div class=\"elementor-widget-container\">\n\t\t\t\t\t\t\t<div class=\"elementor-image-carousel-wrapper swiper\" role=\"region\" aria-roledescription=\"carousel\" aria-label=\"Carrusel de im\u00e1genes\" dir=\"ltr\">\n\t\t\t<div class=\"elementor-image-carousel swiper-wrapper\" aria-live=\"off\">\n\t\t\t\t\t\t\t\t<div class=\"swiper-slide\" role=\"group\" aria-roledescription=\"slide\" aria-label=\"1 de 8\"><figure class=\"swiper-slide-inner\"><img decoding=\"async\" class=\"swiper-slide-image\" src=\"https:\/\/www.intead.com.uy\/wp-content\/uploads\/2021\/01\/Diseno-sin-titulo-5-1024x1024.png\" alt=\"Dise\u00f1o sin t\u00edtulo (5)\" \/><\/figure><\/div><div class=\"swiper-slide\" role=\"group\" aria-roledescription=\"slide\" aria-label=\"2 de 8\"><figure class=\"swiper-slide-inner\"><img decoding=\"async\" class=\"swiper-slide-image\" src=\"https:\/\/www.intead.com.uy\/wp-content\/uploads\/2021\/01\/Diseno-sin-titulo-8-1024x1024.png\" alt=\"Dise\u00f1o sin t\u00edtulo (8)\" \/><\/figure><\/div><div class=\"swiper-slide\" role=\"group\" aria-roledescription=\"slide\" aria-label=\"3 de 8\"><figure class=\"swiper-slide-inner\"><img decoding=\"async\" class=\"swiper-slide-image\" src=\"https:\/\/www.intead.com.uy\/wp-content\/uploads\/2021\/01\/Diseno-sin-titulo-4-1024x1024.png\" alt=\"Dise\u00f1o sin t\u00edtulo (4)\" \/><\/figure><\/div><div class=\"swiper-slide\" role=\"group\" aria-roledescription=\"slide\" aria-label=\"4 de 8\"><figure class=\"swiper-slide-inner\"><img decoding=\"async\" class=\"swiper-slide-image\" src=\"https:\/\/www.intead.com.uy\/wp-content\/uploads\/2021\/01\/Diseno-sin-titulo-3-1024x1024.png\" alt=\"Dise\u00f1o sin t\u00edtulo (3)\" \/><\/figure><\/div><div class=\"swiper-slide\" role=\"group\" aria-roledescription=\"slide\" aria-label=\"5 de 8\"><figure class=\"swiper-slide-inner\"><img decoding=\"async\" class=\"swiper-slide-image\" src=\"https:\/\/www.intead.com.uy\/wp-content\/uploads\/2021\/01\/Diseno-sin-titulo-6-1024x1024.png\" alt=\"Dise\u00f1o sin t\u00edtulo (6)\" \/><\/figure><\/div><div class=\"swiper-slide\" role=\"group\" aria-roledescription=\"slide\" aria-label=\"6 de 8\"><figure class=\"swiper-slide-inner\"><img decoding=\"async\" class=\"swiper-slide-image\" src=\"https:\/\/www.intead.com.uy\/wp-content\/uploads\/2021\/01\/Diseno-sin-titulo-7-1024x1024.png\" alt=\"Dise\u00f1o sin t\u00edtulo (7)\" \/><\/figure><\/div><div class=\"swiper-slide\" role=\"group\" aria-roledescription=\"slide\" aria-label=\"7 de 8\"><figure class=\"swiper-slide-inner\"><img decoding=\"async\" class=\"swiper-slide-image\" src=\"https:\/\/www.intead.com.uy\/wp-content\/uploads\/2021\/01\/Diseno-sin-titulo-2-1-1024x1024.png\" alt=\"Dise\u00f1o sin t\u00edtulo (2)\" \/><\/figure><\/div><div class=\"swiper-slide\" role=\"group\" aria-roledescription=\"slide\" aria-label=\"8 de 8\"><figure class=\"swiper-slide-inner\"><img decoding=\"async\" class=\"swiper-slide-image\" src=\"https:\/\/www.intead.com.uy\/wp-content\/uploads\/2021\/09\/Colorido-Padre-Hijo-Verano-Pegatinas-Instagram-Publicacion-1024x1024.png\" alt=\"Colorido Padre Hijo Verano Pegatinas Instagram Publicaci\u00f3n\" \/><\/figure><\/div>\t\t\t<\/div>\n\t\t\t\t\t\t\t\t\t\t\t\t<div class=\"elementor-swiper-button elementor-swiper-button-prev\" role=\"button\" tabindex=\"0\">\n\t\t\t\t\t\t<i aria-hidden=\"true\" class=\"eicon-chevron-left\"><\/i>\t\t\t\t\t<\/div>\n\t\t\t\t\t<div class=\"elementor-swiper-button elementor-swiper-button-next\" role=\"button\" tabindex=\"0\">\n\t\t\t\t\t\t<i aria-hidden=\"true\" class=\"eicon-chevron-right\"><\/i>\t\t\t\t\t<\/div>\n\t\t\t\t\n\t\t\t\t\t\t\t\t\t<div class=\"swiper-pagination\"><\/div>\n\t\t\t\t\t\t\t\t\t<\/div>\n\t\t\t\t\t\t<\/div>\n\t\t\t\t<\/div>\n\t\t\t\t\t<\/div>\n\t\t<\/div>\n\t\t\t\t\t<\/div>\n\t\t<\/section>\n\t\t\t\t<section class=\"elementor-section elementor-top-section elementor-element elementor-element-9940e46 elementor-section-boxed elementor-section-height-default elementor-section-height-default\" data-id=\"9940e46\" data-element_type=\"section\">\n\t\t\t\t\t\t<div class=\"elementor-container elementor-column-gap-default\">\n\t\t\t\t\t<div class=\"elementor-column elementor-col-100 elementor-top-column elementor-element elementor-element-259f2eb\" data-id=\"259f2eb\" data-element_type=\"column\">\n\t\t\t<div class=\"elementor-widget-wrap elementor-element-populated\">\n\t\t\t\t\t\t<div class=\"elementor-element elementor-element-e5bf02b elementor-widget elementor-widget-heading\" data-id=\"e5bf02b\" data-element_type=\"widget\" data-widget_type=\"heading.default\">\n\t\t\t\t<div class=\"elementor-widget-container\">\n\t\t\t\t\t<h2 class=\"elementor-heading-title elementor-size-default\">Abordaje Cognitivo Conductual <\/h2>\t\t\t\t<\/div>\n\t\t\t\t<\/div>\n\t\t\t\t<div class=\"elementor-element elementor-element-eb66d85 elementor-widget elementor-widget-text-editor\" data-id=\"eb66d85\" data-element_type=\"widget\" data-widget_type=\"text-editor.default\">\n\t\t\t\t<div class=\"elementor-widget-container\">\n\t\t\t\t\t\t\t\t\t<p class=\"_04xlpA direction-ltr align-start para-style-body\"><span class=\"JsGRdQ\">Consideramos el aprendizaje desde una perspectiva COGNITIVA-CONDUCTUAL, como un proceso mediante el cual planificamos experiencias<\/span> <span class=\"JsGRdQ\">y situaciones estrat\u00e9gicas y espec\u00edficas de aprendizajes significativos focaliz\u00e1ndonos en las estructuras cognitivas y sus procesos de desarrollo, promoviendo<\/span> <span class=\"JsGRdQ\">las posibilidades de<\/span> <span class=\"JsGRdQ\">diversos aprendizajes.<\/span><\/p><p class=\"_04xlpA direction-ltr align-start para-style-body\"><span class=\"JsGRdQ\">Para ello, nos basamos en la evaluaci\u00f3n y en diferentes estrategias y metodolog\u00edas espec\u00edficas de trabajo como ABA, TEACCH, PECS, entre otras.<\/span><\/p><p class=\"_04xlpA direction-ltr align-start para-style-body\"><span class=\"JsGRdQ\">Algunas de ellas contemplan una ense\u00f1anza estructurada donde proponemos un abordaje neuropsicopedag\u00f3gico<\/span> <span class=\"JsGRdQ\">con t\u00e9cnicas como presentaci\u00f3n de informaci\u00f3n visual, organizaci\u00f3n del espacio, actividades estructuradas y segmentadas, organizaci\u00f3n y utilizaci\u00f3n de horarios visuales y presentaci\u00f3n de material did\u00e1ctico partiendo de los intereses individuales y contemplando los diferentes ritmos y estilos de aprendizaje.<\/span><\/p>\t\t\t\t\t\t\t\t<\/div>\n\t\t\t\t<\/div>\n\t\t\t\t\t<\/div>\n\t\t<\/div>\n\t\t\t\t\t<\/div>\n\t\t<\/section>\n\t\t\t\t<section class=\"elementor-section elementor-top-section elementor-element elementor-element-bacd52e elementor-section-boxed elementor-section-height-default elementor-section-height-default\" data-id=\"bacd52e\" data-element_type=\"section\">\n\t\t\t\t\t\t<div class=\"elementor-container elementor-column-gap-default\">\n\t\t\t\t\t<div class=\"elementor-column elementor-col-50 elementor-top-column elementor-element elementor-element-20750d7\" data-id=\"20750d7\" data-element_type=\"column\">\n\t\t\t<div class=\"elementor-widget-wrap elementor-element-populated\">\n\t\t\t\t\t\t<div class=\"elementor-element elementor-element-5dfffbf elementor-widget elementor-widget-heading\" data-id=\"5dfffbf\" data-element_type=\"widget\" data-widget_type=\"heading.default\">\n\t\t\t\t<div class=\"elementor-widget-container\">\n\t\t\t\t\t<h2 class=\"elementor-heading-title elementor-size-default\">M\u00e9todo ABA<\/h2>\t\t\t\t<\/div>\n\t\t\t\t<\/div>\n\t\t\t\t<div class=\"elementor-element elementor-element-e02882e elementor-widget elementor-widget-text-editor\" data-id=\"e02882e\" data-element_type=\"widget\" data-widget_type=\"text-editor.default\">\n\t\t\t\t<div class=\"elementor-widget-container\">\n\t\t\t\t\t\t\t\t\t<p><span class=\"JsGRdQ\">El \u201cANALISIS DEL COMPORTAMIENTO APLICADO es la ciencia en la que se aplican las t\u00e1cticas derivadas de los principios del comportamiento para mejorar comportamientos socialmente significativos y la experimentaci\u00f3n es usada para identificar las variables responsables de la mejora de la conducta\u201d (Cooper, Heron y Heward, 2007). Este m\u00e9todo se basa en el an\u00e1lisis de la conducta aplicada y la Teor\u00eda del Aprendizaje.<\/span><\/p>\t\t\t\t\t\t\t\t<\/div>\n\t\t\t\t<\/div>\n\t\t\t\t<div class=\"elementor-element elementor-element-5fa81ec elementor-widget elementor-widget-image\" data-id=\"5fa81ec\" data-element_type=\"widget\" data-widget_type=\"image.default\">\n\t\t\t\t<div class=\"elementor-widget-container\">\n\t\t\t\t\t\t\t\t\t\t\t\t\t\t\t<img decoding=\"async\" width=\"406\" height=\"213\" src=\"https:\/\/www.intead.com.uy\/wp-content\/uploads\/2020\/12\/aba.png\" class=\"attachment-large size-large wp-image-440\" alt=\"\" srcset=\"https:\/\/www.intead.com.uy\/wp-content\/uploads\/2020\/12\/aba.png 406w, https:\/\/www.intead.com.uy\/wp-content\/uploads\/2020\/12\/aba-300x157.png 300w\" sizes=\"(max-width: 406px) 100vw, 406px\" \/>\t\t\t\t\t\t\t\t\t\t\t\t\t\t\t<\/div>\n\t\t\t\t<\/div>\n\t\t\t\t\t<\/div>\n\t\t<\/div>\n\t\t\t\t<div class=\"elementor-column elementor-col-50 elementor-top-column elementor-element elementor-element-823cfe3\" data-id=\"823cfe3\" data-element_type=\"column\">\n\t\t\t<div class=\"elementor-widget-wrap elementor-element-populated\">\n\t\t\t\t\t\t<div class=\"elementor-element elementor-element-cf556e2 elementor-widget elementor-widget-heading\" data-id=\"cf556e2\" data-element_type=\"widget\" data-widget_type=\"heading.default\">\n\t\t\t\t<div class=\"elementor-widget-container\">\n\t\t\t\t\t<h2 class=\"elementor-heading-title elementor-size-default\">M\u00e9todo TEACCH<\/h2>\t\t\t\t<\/div>\n\t\t\t\t<\/div>\n\t\t\t\t<div class=\"elementor-element elementor-element-d99ae1e elementor-widget elementor-widget-text-editor\" data-id=\"d99ae1e\" data-element_type=\"widget\" data-widget_type=\"text-editor.default\">\n\t\t\t\t<div class=\"elementor-widget-container\">\n\t\t\t\t\t\t\t\t\t<p><span class=\"JsGRdQ\">El programa fue fundado por el gobierno federal de Carolina del Norte en 1996. Es un programa que ofrece un aprendizaje estructurado. Organiza el entorno del individuo para que \u00e9ste sea m\u00e1s comprensible para \u00e9l. Utiliza apoyos visuales que permiten estructurar la tarea, organizar el ambiente, hacer claras y expl\u00edcitas las demandas<\/span> <span class=\"JsGRdQ\">buscando as\u00ed que los<\/span> <span class=\"JsGRdQ\">ni\u00f1os realicen las actividades de forma independiente.<\/span><\/p>\t\t\t\t\t\t\t\t<\/div>\n\t\t\t\t<\/div>\n\t\t\t\t<div class=\"elementor-element elementor-element-294864e elementor-widget elementor-widget-image\" data-id=\"294864e\" data-element_type=\"widget\" data-widget_type=\"image.default\">\n\t\t\t\t<div class=\"elementor-widget-container\">\n\t\t\t\t\t\t\t\t\t\t\t\t\t\t\t<img decoding=\"async\" width=\"300\" height=\"300\" src=\"https:\/\/www.intead.com.uy\/wp-content\/uploads\/2020\/12\/TEACCH.png\" class=\"attachment-large size-large wp-image-441\" alt=\"\" srcset=\"https:\/\/www.intead.com.uy\/wp-content\/uploads\/2020\/12\/TEACCH.png 300w, https:\/\/www.intead.com.uy\/wp-content\/uploads\/2020\/12\/TEACCH-150x150.png 150w\" sizes=\"(max-width: 300px) 100vw, 300px\" \/>\t\t\t\t\t\t\t\t\t\t\t\t\t\t\t<\/div>\n\t\t\t\t<\/div>\n\t\t\t\t\t<\/div>\n\t\t<\/div>\n\t\t\t\t\t<\/div>\n\t\t<\/section>\n\t\t\t\t<section class=\"elementor-section elementor-top-section elementor-element elementor-element-e8dead0 elementor-section-boxed elementor-section-height-default elementor-section-height-default\" data-id=\"e8dead0\" data-element_type=\"section\">\n\t\t\t\t\t\t<div class=\"elementor-container elementor-column-gap-default\">\n\t\t\t\t\t<div class=\"elementor-column elementor-col-50 elementor-top-column elementor-element elementor-element-86af51d\" data-id=\"86af51d\" data-element_type=\"column\">\n\t\t\t<div class=\"elementor-widget-wrap elementor-element-populated\">\n\t\t\t\t\t\t<div class=\"elementor-element elementor-element-2d780ea elementor-widget elementor-widget-heading\" data-id=\"2d780ea\" data-element_type=\"widget\" data-widget_type=\"heading.default\">\n\t\t\t\t<div class=\"elementor-widget-container\">\n\t\t\t\t\t<h2 class=\"elementor-heading-title elementor-size-default\">PECS<\/h2>\t\t\t\t<\/div>\n\t\t\t\t<\/div>\n\t\t\t\t<div class=\"elementor-element elementor-element-91392c8 elementor-widget elementor-widget-text-editor\" data-id=\"91392c8\" data-element_type=\"widget\" data-widget_type=\"text-editor.default\">\n\t\t\t\t<div class=\"elementor-widget-container\">\n\t\t\t\t\t\t\t\t\t<p><span class=\"JsGRdQ\">Sistema alternativo y aumentativo de comunicaci\u00f3n por intercambio de im\u00e1genes dirigido a personas que no logran utilizan el lenguaje oral de forma efectiva. Este sistema fue desarrollado por el Delaware Autistic Program para dotar a ciertos alumnos<\/span> <span class=\"JsGRdQ\">de un medio para comunicar sus deseos y necesidades b\u00e1sicas. Se trataba de alumnos\/as para los que otros Sistemas Alternativos de Comunicaci\u00f3n como el lenguaje de signos o los sistemas de se\u00f1alar no hab\u00edan resultado efectivos.<\/span><\/p>\t\t\t\t\t\t\t\t<\/div>\n\t\t\t\t<\/div>\n\t\t\t\t<div class=\"elementor-element elementor-element-46175be elementor-widget elementor-widget-image\" data-id=\"46175be\" data-element_type=\"widget\" data-widget_type=\"image.default\">\n\t\t\t\t<div class=\"elementor-widget-container\">\n\t\t\t\t\t\t\t\t\t\t\t\t\t\t\t<img loading=\"lazy\" decoding=\"async\" width=\"619\" height=\"371\" src=\"https:\/\/www.intead.com.uy\/wp-content\/uploads\/2020\/12\/iMAGEN-g.png\" class=\"attachment-large size-large wp-image-208\" alt=\"\" srcset=\"https:\/\/www.intead.com.uy\/wp-content\/uploads\/2020\/12\/iMAGEN-g.png 619w, https:\/\/www.intead.com.uy\/wp-content\/uploads\/2020\/12\/iMAGEN-g-300x180.png 300w\" sizes=\"(max-width: 619px) 100vw, 619px\" \/>\t\t\t\t\t\t\t\t\t\t\t\t\t\t\t<\/div>\n\t\t\t\t<\/div>\n\t\t\t\t\t<\/div>\n\t\t<\/div>\n\t\t\t\t<div class=\"elementor-column elementor-col-50 elementor-top-column elementor-element elementor-element-fc230d2\" data-id=\"fc230d2\" data-element_type=\"column\">\n\t\t\t<div class=\"elementor-widget-wrap elementor-element-populated\">\n\t\t\t\t\t\t<div class=\"elementor-element elementor-element-fa52c85 elementor-widget elementor-widget-heading\" data-id=\"fa52c85\" data-element_type=\"widget\" data-widget_type=\"heading.default\">\n\t\t\t\t<div class=\"elementor-widget-container\">\n\t\t\t\t\t<h2 class=\"elementor-heading-title elementor-size-default\">JEL APRENDIZAJE<\/h2>\t\t\t\t<\/div>\n\t\t\t\t<\/div>\n\t\t\t\t<div class=\"elementor-element elementor-element-26e0049 elementor-widget elementor-widget-text-editor\" data-id=\"26e0049\" data-element_type=\"widget\" data-widget_type=\"text-editor.default\">\n\t\t\t\t<div class=\"elementor-widget-container\">\n\t\t\t\t\t\t\t\t\t<p><span class=\"JsGRdQ\">Herramientas educativas y Programas de entrenamiento cognitivo orientados a estimular el aprendizaje de la lectura, la escritura y las habilidades matem\u00e1ticas en ni\u00f1os con dificultades de aprendizaje.<\/span><\/p>\t\t\t\t\t\t\t\t<\/div>\n\t\t\t\t<\/div>\n\t\t\t\t<div class=\"elementor-element elementor-element-5d6b0cf elementor-widget elementor-widget-image\" data-id=\"5d6b0cf\" data-element_type=\"widget\" data-widget_type=\"image.default\">\n\t\t\t\t<div class=\"elementor-widget-container\">\n\t\t\t\t\t\t\t\t\t\t\t\t\t\t\t<img loading=\"lazy\" decoding=\"async\" width=\"512\" height=\"349\" src=\"https:\/\/www.intead.com.uy\/wp-content\/uploads\/2020\/12\/JEL.png\" class=\"attachment-large size-large wp-image-442\" alt=\"\" srcset=\"https:\/\/www.intead.com.uy\/wp-content\/uploads\/2020\/12\/JEL.png 512w, https:\/\/www.intead.com.uy\/wp-content\/uploads\/2020\/12\/JEL-300x204.png 300w\" sizes=\"(max-width: 512px) 100vw, 512px\" \/>\t\t\t\t\t\t\t\t\t\t\t\t\t\t\t<\/div>\n\t\t\t\t<\/div>\n\t\t\t\t\t<\/div>\n\t\t<\/div>\n\t\t\t\t\t<\/div>\n\t\t<\/section>\n\t\t\t\t<section class=\"elementor-section elementor-top-section elementor-element elementor-element-20c5e22 elementor-section-boxed elementor-section-height-default elementor-section-height-default\" data-id=\"20c5e22\" data-element_type=\"section\">\n\t\t\t\t\t\t<div class=\"elementor-container elementor-column-gap-default\">\n\t\t\t\t\t<div class=\"elementor-column elementor-col-100 elementor-top-column elementor-element elementor-element-a644762\" data-id=\"a644762\" data-element_type=\"column\">\n\t\t\t<div class=\"elementor-widget-wrap\">\n\t\t\t\t\t\t\t<\/div>\n\t\t<\/div>\n\t\t\t\t\t<\/div>\n\t\t<\/section>\n\t\t\t\t<\/div>\n\t\t","protected":false},"excerpt":{"rendered":"<p>Anterior Siguiente Abordaje Cognitivo Conductual Consideramos el aprendizaje desde una perspectiva COGNITIVA-CONDUCTUAL, como un proceso mediante el cual planificamos experiencias y situaciones estrat\u00e9gicas y espec\u00edficas de aprendizajes significativos focaliz\u00e1ndonos en las estructuras cognitivas y sus procesos de desarrollo, promoviendo las posibilidades de diversos aprendizajes. Para ello, nos basamos en la evaluaci\u00f3n y en diferentes estrategias [&hellip;]<\/p>\n","protected":false},"author":1,"featured_media":0,"parent":0,"menu_order":0,"comment_status":"closed","ping_status":"closed","template":"","meta":{"footnotes":""},"class_list":["post-10","page","type-page","status-publish","hentry"],"_links":{"self":[{"href":"https:\/\/www.intead.com.uy\/index.php\/wp-json\/wp\/v2\/pages\/10","targetHints":{"allow":["GET"]}}],"collection":[{"href":"https:\/\/www.intead.com.uy\/index.php\/wp-json\/wp\/v2\/pages"}],"about":[{"href":"https:\/\/www.intead.com.uy\/index.php\/wp-json\/wp\/v2\/types\/page"}],"author":[{"embeddable":true,"href":"https:\/\/www.intead.com.uy\/index.php\/wp-json\/wp\/v2\/users\/1"}],"replies":[{"embeddable":true,"href":"https:\/\/www.intead.com.uy\/index.php\/wp-json\/wp\/v2\/comments?post=10"}],"version-history":[{"count":90,"href":"https:\/\/www.intead.com.uy\/index.php\/wp-json\/wp\/v2\/pages\/10\/revisions"}],"predecessor-version":[{"id":1001,"href":"https:\/\/www.intead.com.uy\/index.php\/wp-json\/wp\/v2\/pages\/10\/revisions\/1001"}],"wp:attachment":[{"href":"https:\/\/www.intead.com.uy\/index.php\/wp-json\/wp\/v2\/media?parent=10"}],"curies":[{"name":"wp","href":"https:\/\/api.w.org\/{rel}","templated":true}]}}